{"id":182,"date":"2020-09-04T08:04:02","date_gmt":"2020-09-04T06:04:02","guid":{"rendered":"https:\/\/eiswelt.lilav.de\/?page_id=182"},"modified":"2020-09-04T11:58:33","modified_gmt":"2020-09-04T09:58:33","slug":"start","status":"publish","type":"page","link":"https:\/\/eiswelt.lilav.de\/","title":{"rendered":""},"content":{"rendered":"\t\t<div data-elementor-type=\"wp-page\" data-elementor-id=\"182\" class=\"elementor elementor-182\">\n\t\t\t\t\t\t<section class=\"has_eae_slider elementor-section elementor-top-section elementor-element elementor-element-4332b2ea elementor-section-boxed elementor-section-height-default elementor-section-height-default\" data-eae-slider=\"64381\" data-id=\"4332b2ea\" data-element_type=\"section\" data-e-type=\"section\">\n\t\t\t\t\t\t<div class=\"elementor-container elementor-column-gap-default\">\n\t\t\t\t\t<div class=\"has_eae_slider elementor-column elementor-col-100 elementor-top-column elementor-element elementor-element-407b4eca\" data-eae-slider=\"29861\" data-id=\"407b4eca\" data-element_type=\"column\" data-e-type=\"column\">\n\t\t\t<div class=\"elementor-widget-wrap elementor-element-populated\">\n\t\t\t\t\t\t<div class=\"elementor-element elementor-element-36bf417e elementor-widget elementor-widget-text-editor\" data-id=\"36bf417e\" data-element_type=\"widget\" data-e-type=\"widget\" data-widget_type=\"text-editor.default\">\n\t\t\t\t<div class=\"elementor-widget-container\">\n\t\t\t\t\t\t\t\t\t\t\t\t\t\t\t\t\t<\/div>\n\t\t\t\t<\/div>\n\t\t\t\t\t<\/div>\n\t\t<\/div>\n\t\t\t\t\t<\/div>\n\t\t<\/section>\n\t\t\t\t<section class=\"has_eae_slider elementor-section elementor-top-section elementor-element elementor-element-31ea190 elementor-section-boxed elementor-section-height-default elementor-section-height-default\" data-eae-slider=\"6968\" data-id=\"31ea190\" data-element_type=\"section\" data-e-type=\"section\">\n\t\t\t\t\t\t<div class=\"elementor-container elementor-column-gap-default\">\n\t\t\t\t\t<div class=\"has_eae_slider elementor-column elementor-col-100 elementor-top-column elementor-element elementor-element-e7b2cdf\" data-eae-slider=\"57052\" data-id=\"e7b2cdf\" data-element_type=\"column\" data-e-type=\"column\">\n\t\t\t<div class=\"elementor-widget-wrap elementor-element-populated\">\n\t\t\t\t\t\t<div class=\"elementor-element elementor-element-a3d6009 elementor-widget elementor-widget-spacer\" data-id=\"a3d6009\" data-element_type=\"widget\" data-e-type=\"widget\" data-widget_type=\"spacer.default\">\n\t\t\t\t<div class=\"elementor-widget-container\">\n\t\t\t\t\t\t\t<div class=\"elementor-spacer\">\n\t\t\t<div class=\"elementor-spacer-inner\"><\/div>\n\t\t<\/div>\n\t\t\t\t\t\t<\/div>\n\t\t\t\t<\/div>\n\t\t\t\t\t<\/div>\n\t\t<\/div>\n\t\t\t\t\t<\/div>\n\t\t<\/section>\n\t\t\t\t<section class=\"has_eae_slider elementor-section elementor-top-section elementor-element elementor-element-c1d101b elementor-section-boxed elementor-section-height-default elementor-section-height-default\" data-eae-slider=\"34028\" data-id=\"c1d101b\" data-element_type=\"section\" data-e-type=\"section\">\n\t\t\t\t\t\t<div class=\"elementor-container elementor-column-gap-default\">\n\t\t\t\t\t<div class=\"has_eae_slider elementor-column elementor-col-33 elementor-top-column elementor-element elementor-element-3ad47ae\" data-eae-slider=\"70525\" data-id=\"3ad47ae\" data-element_type=\"column\" data-e-type=\"column\">\n\t\t\t<div class=\"elementor-widget-wrap elementor-element-populated\">\n\t\t\t\t\t\t<div class=\"elementor-element elementor-element-e0c3380 elementor-widget elementor-widget-image\" data-id=\"e0c3380\" data-element_type=\"widget\" data-e-type=\"widget\" data-widget_type=\"image.default\">\n\t\t\t\t<div class=\"elementor-widget-container\">\n\t\t\t\t\t\t\t\t\t\t\t\t\t\t\t<img fetchpriority=\"high\" decoding=\"async\" width=\"732\" height=\"1024\" src=\"https:\/\/eiswelt.lilav.de\/wp-content\/uploads\/2020\/09\/5-732x1024.jpg\" class=\"attachment-large size-large wp-image-200\" alt=\"\" srcset=\"https:\/\/eiswelt.lilav.de\/wp-content\/uploads\/2020\/09\/5-732x1024.jpg 732w, https:\/\/eiswelt.lilav.de\/wp-content\/uploads\/2020\/09\/5-214x300.jpg 214w, https:\/\/eiswelt.lilav.de\/wp-content\/uploads\/2020\/09\/5-768x1075.jpg 768w, https:\/\/eiswelt.lilav.de\/wp-content\/uploads\/2020\/09\/5-1098x1536.jpg 1098w, https:\/\/eiswelt.lilav.de\/wp-content\/uploads\/2020\/09\/5-750x1050.jpg 750w, https:\/\/eiswelt.lilav.de\/wp-content\/uploads\/2020\/09\/5.jpg 1372w\" sizes=\"(max-width: 732px) 100vw, 732px\" \/>\t\t\t\t\t\t\t\t\t\t\t\t\t\t\t<\/div>\n\t\t\t\t<\/div>\n\t\t\t\t<div class=\"elementor-element elementor-element-7c8e5f3 elementor-widget elementor-widget-heading\" data-id=\"7c8e5f3\" data-element_type=\"widget\" data-e-type=\"widget\" data-widget_type=\"heading.default\">\n\t\t\t\t<div class=\"elementor-widget-container\">\n\t\t\t\t\t<h2 class=\"elementor-heading-title elementor-size-default\">Unsere Eiswelt<\/h2>\t\t\t\t<\/div>\n\t\t\t\t<\/div>\n\t\t\t\t<div class=\"elementor-element elementor-element-07757e1 elementor-widget elementor-widget-text-editor\" data-id=\"07757e1\" data-element_type=\"widget\" data-e-type=\"widget\" data-widget_type=\"text-editor.default\">\n\t\t\t\t<div class=\"elementor-widget-container\">\n\t\t\t\t\t\t\t\t\t<p>Vor \u00fcber f\u00fcnfundsiebzig Jahren begann die Tradition der Familie Sefouk als Eis-Manufakteur, damals noch noch in fernen orientalischen L\u00e4ndern. Der Legende nach war es der Ur-Gro\u00dfvater, der sich dar\u00fcber \u00e4rgerte, dass die Eis-Produkte in den Caf\u00e9s nicht schmeckten und der sich daran machte, gemeinsam mit der Ehefrau und dem \u00e4ltesten Sohn, das Eis in der Region zu verbessern, <a href=\"https:\/\/eiswelt.lilav.de\/index.php\/2020\/09\/03\/unsere-eiswelt\/\">Weiter lesen&#8230;<\/a><\/p>\t\t\t\t\t\t\t\t<\/div>\n\t\t\t\t<\/div>\n\t\t\t\t\t<\/div>\n\t\t<\/div>\n\t\t\t\t<div class=\"has_eae_slider elementor-column elementor-col-33 elementor-top-column elementor-element elementor-element-425786e\" data-eae-slider=\"22036\" data-id=\"425786e\" data-element_type=\"column\" data-e-type=\"column\">\n\t\t\t<div class=\"elementor-widget-wrap elementor-element-populated\">\n\t\t\t\t\t\t<div class=\"elementor-element elementor-element-fe6343c elementor-widget elementor-widget-image\" data-id=\"fe6343c\" data-element_type=\"widget\" data-e-type=\"widget\" data-widget_type=\"image.default\">\n\t\t\t\t<div class=\"elementor-widget-container\">\n\t\t\t\t\t\t\t\t\t\t\t\t\t\t\t<img decoding=\"async\" width=\"731\" height=\"1024\" src=\"https:\/\/eiswelt.lilav.de\/wp-content\/uploads\/2020\/09\/raspberries-422979_1920-5-731x1024.jpg\" class=\"attachment-large size-large wp-image-201\" alt=\"\" srcset=\"https:\/\/eiswelt.lilav.de\/wp-content\/uploads\/2020\/09\/raspberries-422979_1920-5-731x1024.jpg 731w, https:\/\/eiswelt.lilav.de\/wp-content\/uploads\/2020\/09\/raspberries-422979_1920-5-214x300.jpg 214w, https:\/\/eiswelt.lilav.de\/wp-content\/uploads\/2020\/09\/raspberries-422979_1920-5-768x1076.jpg 768w, https:\/\/eiswelt.lilav.de\/wp-content\/uploads\/2020\/09\/raspberries-422979_1920-5-750x1050.jpg 750w, https:\/\/eiswelt.lilav.de\/wp-content\/uploads\/2020\/09\/raspberries-422979_1920-5.jpg 914w\" sizes=\"(max-width: 731px) 100vw, 731px\" \/>\t\t\t\t\t\t\t\t\t\t\t\t\t\t\t<\/div>\n\t\t\t\t<\/div>\n\t\t\t\t<div class=\"elementor-element elementor-element-c4522ae elementor-widget elementor-widget-heading\" data-id=\"c4522ae\" data-element_type=\"widget\" data-e-type=\"widget\" data-widget_type=\"heading.default\">\n\t\t\t\t<div class=\"elementor-widget-container\">\n\t\t\t\t\t<h2 class=\"elementor-heading-title elementor-size-default\">Zutaten<\/h2>\t\t\t\t<\/div>\n\t\t\t\t<\/div>\n\t\t\t\t<div class=\"elementor-element elementor-element-61d1182 elementor-widget elementor-widget-text-editor\" data-id=\"61d1182\" data-element_type=\"widget\" data-e-type=\"widget\" data-widget_type=\"text-editor.default\">\n\t\t\t\t<div class=\"elementor-widget-container\">\n\t\t\t\t\t\t\t\t\t<p>Nur das Beste f\u00fcr die Familie\u201d, das war die Devise des Gro\u00dfvaters. Deshalb wird nicht irgendeine Milch verwendet, sondern die Milch, die von den Tieren in der Familie erzeugt wird. Das gab es besondere Herausforderungen, denn nicht jedes Tier wollte die Milch geben, die f\u00fcr die Produktion von Eis hochwertig genug war. Aber strenge Zucht brachte beste Ergebnisse, so dass die Qualit\u00e4t hochgepriesen war, <a href=\"https:\/\/eiswelt.lilav.de\/index.php\/2020\/09\/03\/zutaten\/\">Weiter lesen&#8230;<\/a><\/p>\t\t\t\t\t\t\t\t<\/div>\n\t\t\t\t<\/div>\n\t\t\t\t\t<\/div>\n\t\t<\/div>\n\t\t\t\t<div class=\"has_eae_slider elementor-column elementor-col-33 elementor-top-column elementor-element elementor-element-9fd5c5b\" data-eae-slider=\"9971\" data-id=\"9fd5c5b\" data-element_type=\"column\" data-e-type=\"column\">\n\t\t\t<div class=\"elementor-widget-wrap elementor-element-populated\">\n\t\t\t\t\t\t<div class=\"elementor-element elementor-element-b0d2fcc elementor-widget elementor-widget-image\" data-id=\"b0d2fcc\" data-element_type=\"widget\" data-e-type=\"widget\" data-widget_type=\"image.default\">\n\t\t\t\t<div class=\"elementor-widget-container\">\n\t\t\t\t\t\t\t\t\t\t\t\t\t\t\t<img decoding=\"async\" width=\"731\" height=\"1024\" src=\"https:\/\/eiswelt.lilav.de\/wp-content\/uploads\/2020\/09\/4-731x1024.jpg\" class=\"attachment-large size-large wp-image-202\" alt=\"\" srcset=\"https:\/\/eiswelt.lilav.de\/wp-content\/uploads\/2020\/09\/4-731x1024.jpg 731w, https:\/\/eiswelt.lilav.de\/wp-content\/uploads\/2020\/09\/4-214x300.jpg 214w, https:\/\/eiswelt.lilav.de\/wp-content\/uploads\/2020\/09\/4-768x1075.jpg 768w, https:\/\/eiswelt.lilav.de\/wp-content\/uploads\/2020\/09\/4-750x1050.jpg 750w, https:\/\/eiswelt.lilav.de\/wp-content\/uploads\/2020\/09\/4.jpg 885w\" sizes=\"(max-width: 731px) 100vw, 731px\" \/>\t\t\t\t\t\t\t\t\t\t\t\t\t\t\t<\/div>\n\t\t\t\t<\/div>\n\t\t\t\t<div class=\"elementor-element elementor-element-79fef16 elementor-widget elementor-widget-heading\" data-id=\"79fef16\" data-element_type=\"widget\" data-e-type=\"widget\" data-widget_type=\"heading.default\">\n\t\t\t\t<div class=\"elementor-widget-container\">\n\t\t\t\t\t<h2 class=\"elementor-heading-title elementor-size-default\">Allergene<\/h2>\t\t\t\t<\/div>\n\t\t\t\t<\/div>\n\t\t\t\t<div class=\"elementor-element elementor-element-bcb7507 elementor-widget elementor-widget-text-editor\" data-id=\"bcb7507\" data-element_type=\"widget\" data-e-type=\"widget\" data-widget_type=\"text-editor.default\">\n\t\t\t\t<div class=\"elementor-widget-container\">\n\t\t\t\t\t\t\t\t\t<p>Es ist leider so, dass eine Vielzahl von Stoffen bei machen Menschen komische Reaktionen ausl\u00f6sen, die unangenehm bis gef\u00e4hrlich sein k\u00f6nnen. Wir versuchen die Nutzung solcher Stoffe zu vermeiden, aber in manchen F\u00e4llen l\u00e4sst es sich nicht vermeiden. Wir dokumentieren unsere Produktionsprozess und Zutaten sehr genau, deshalb k\u00f6nnen wir Ihnen genau Auskunft geben, welche Stoffe bei Ihnen, <a href=\"https:\/\/eiswelt.lilav.de\/index.php\/2020\/09\/03\/allergien\/\">Weiter lesen&#8230;<\/a><\/p>\t\t\t\t\t\t\t\t<\/div>\n\t\t\t\t<\/div>\n\t\t\t\t\t<\/div>\n\t\t<\/div>\n\t\t\t\t\t<\/div>\n\t\t<\/section>\n\t\t\t\t<section class=\"has_eae_slider elementor-section elementor-top-section elementor-element elementor-element-5cb36de elementor-section-boxed elementor-section-height-default elementor-section-height-default\" data-eae-slider=\"60059\" data-id=\"5cb36de\" data-element_type=\"section\" data-e-type=\"section\">\n\t\t\t\t\t\t<div class=\"elementor-container elementor-column-gap-default\">\n\t\t\t\t\t<div class=\"has_eae_slider elementor-column elementor-col-100 elementor-top-column elementor-element elementor-element-2ae9915\" data-eae-slider=\"97974\" data-id=\"2ae9915\" data-element_type=\"column\" data-e-type=\"column\">\n\t\t\t<div class=\"elementor-widget-wrap elementor-element-populated\">\n\t\t\t\t\t\t<div class=\"elementor-element elementor-element-edc79ec elementor-widget-divider--view-line elementor-widget elementor-widget-divider\" data-id=\"edc79ec\" data-element_type=\"widget\" data-e-type=\"widget\" data-widget_type=\"divider.default\">\n\t\t\t\t<div class=\"elementor-widget-container\">\n\t\t\t\t\t\t\t<div class=\"elementor-divider\">\n\t\t\t<span class=\"elementor-divider-separator\">\n\t\t\t\t\t\t<\/span>\n\t\t<\/div>\n\t\t\t\t\t\t<\/div>\n\t\t\t\t<\/div>\n\t\t\t\t\t<\/div>\n\t\t<\/div>\n\t\t\t\t\t<\/div>\n\t\t<\/section>\n\t\t\t\t<section class=\"has_eae_slider elementor-section elementor-top-section elementor-element elementor-element-1647de5 elementor-section-boxed elementor-section-height-default elementor-section-height-default\" data-eae-slider=\"77237\" data-id=\"1647de5\" data-element_type=\"section\" data-e-type=\"section\">\n\t\t\t\t\t\t<div class=\"elementor-container elementor-column-gap-default\">\n\t\t\t\t\t<div class=\"has_eae_slider elementor-column elementor-col-33 elementor-top-column elementor-element elementor-element-58187b1\" data-eae-slider=\"35846\" data-id=\"58187b1\" data-element_type=\"column\" data-e-type=\"column\">\n\t\t\t<div class=\"elementor-widget-wrap elementor-element-populated\">\n\t\t\t\t\t\t<div class=\"elementor-element elementor-element-63951ea elementor-widget elementor-widget-counter\" data-id=\"63951ea\" data-element_type=\"widget\" data-e-type=\"widget\" data-widget_type=\"counter.default\">\n\t\t\t\t<div class=\"elementor-widget-container\">\n\t\t\t\t\t\t\t<div class=\"elementor-counter\">\n\t\t\t<div class=\"elementor-counter-title\">Jahre Erfahrung<\/div>\t\t\t<div class=\"elementor-counter-number-wrapper\">\n\t\t\t\t<span class=\"elementor-counter-number-prefix\"><\/span>\n\t\t\t\t<span class=\"elementor-counter-number\" data-duration=\"2000\" data-to-value=\"75\" data-from-value=\"0\" data-delimiter=\",\">0<\/span>\n\t\t\t\t<span class=\"elementor-counter-number-suffix\"><\/span>\n\t\t\t<\/div>\n\t\t<\/div>\n\t\t\t\t\t\t<\/div>\n\t\t\t\t<\/div>\n\t\t\t\t\t<\/div>\n\t\t<\/div>\n\t\t\t\t<div class=\"has_eae_slider elementor-column elementor-col-33 elementor-top-column elementor-element elementor-element-50814f9\" data-eae-slider=\"68632\" data-id=\"50814f9\" data-element_type=\"column\" data-e-type=\"column\">\n\t\t\t<div class=\"elementor-widget-wrap elementor-element-populated\">\n\t\t\t\t\t\t<div class=\"elementor-element elementor-element-01ddaf4 elementor-widget elementor-widget-counter\" data-id=\"01ddaf4\" data-element_type=\"widget\" data-e-type=\"widget\" data-widget_type=\"counter.default\">\n\t\t\t\t<div class=\"elementor-widget-container\">\n\t\t\t\t\t\t\t<div class=\"elementor-counter\">\n\t\t\t<div class=\"elementor-counter-title\">Leckere Eissorten<\/div>\t\t\t<div class=\"elementor-counter-number-wrapper\">\n\t\t\t\t<span class=\"elementor-counter-number-prefix\"><\/span>\n\t\t\t\t<span class=\"elementor-counter-number\" data-duration=\"2000\" data-to-value=\"122\" data-from-value=\"0\" data-delimiter=\",\">0<\/span>\n\t\t\t\t<span class=\"elementor-counter-number-suffix\"><\/span>\n\t\t\t<\/div>\n\t\t<\/div>\n\t\t\t\t\t\t<\/div>\n\t\t\t\t<\/div>\n\t\t\t\t\t<\/div>\n\t\t<\/div>\n\t\t\t\t<div class=\"has_eae_slider elementor-column elementor-col-33 elementor-top-column elementor-element elementor-element-22eca95\" data-eae-slider=\"96619\" data-id=\"22eca95\" data-element_type=\"column\" data-e-type=\"column\">\n\t\t\t<div class=\"elementor-widget-wrap elementor-element-populated\">\n\t\t\t\t\t\t<div class=\"elementor-element elementor-element-ee0468f elementor-widget elementor-widget-counter\" data-id=\"ee0468f\" data-element_type=\"widget\" data-e-type=\"widget\" data-widget_type=\"counter.default\">\n\t\t\t\t<div class=\"elementor-widget-container\">\n\t\t\t\t\t\t\t<div class=\"elementor-counter\">\n\t\t\t<div class=\"elementor-counter-title\">Zufriedene Kunden<\/div>\t\t\t<div class=\"elementor-counter-number-wrapper\">\n\t\t\t\t<span class=\"elementor-counter-number-prefix\"><\/span>\n\t\t\t\t<span class=\"elementor-counter-number\" data-duration=\"2000\" data-to-value=\"322000\" data-from-value=\"0\" data-delimiter=\".\">0<\/span>\n\t\t\t\t<span class=\"elementor-counter-number-suffix\"><\/span>\n\t\t\t<\/div>\n\t\t<\/div>\n\t\t\t\t\t\t<\/div>\n\t\t\t\t<\/div>\n\t\t\t\t\t<\/div>\n\t\t<\/div>\n\t\t\t\t\t<\/div>\n\t\t<\/section>\n\t\t\t\t<section class=\"has_eae_slider elementor-section elementor-top-section elementor-element elementor-element-5f6a834 elementor-section-boxed elementor-section-height-default elementor-section-height-default\" data-eae-slider=\"69040\" data-id=\"5f6a834\" data-element_type=\"section\" data-e-type=\"section\">\n\t\t\t\t\t\t<div class=\"elementor-container elementor-column-gap-default\">\n\t\t\t\t\t<div class=\"has_eae_slider elementor-column elementor-col-100 elementor-top-column elementor-element elementor-element-6d08210\" data-eae-slider=\"2737\" data-id=\"6d08210\" data-element_type=\"column\" data-e-type=\"column\">\n\t\t\t<div class=\"elementor-widget-wrap elementor-element-populated\">\n\t\t\t\t\t\t<div class=\"elementor-element elementor-element-fdca71d elementor-widget-divider--view-line elementor-widget elementor-widget-divider\" data-id=\"fdca71d\" data-element_type=\"widget\" data-e-type=\"widget\" data-widget_type=\"divider.default\">\n\t\t\t\t<div class=\"elementor-widget-container\">\n\t\t\t\t\t\t\t<div class=\"elementor-divider\">\n\t\t\t<span class=\"elementor-divider-separator\">\n\t\t\t\t\t\t<\/span>\n\t\t<\/div>\n\t\t\t\t\t\t<\/div>\n\t\t\t\t<\/div>\n\t\t\t\t\t<\/div>\n\t\t<\/div>\n\t\t\t\t\t<\/div>\n\t\t<\/section>\n\t\t\t\t<section class=\"has_eae_slider elementor-section elementor-top-section elementor-element elementor-element-821b076 elementor-section-boxed elementor-section-height-default elementor-section-height-default\" data-eae-slider=\"36460\" data-id=\"821b076\" data-element_type=\"section\" data-e-type=\"section\">\n\t\t\t\t\t\t<div class=\"elementor-container elementor-column-gap-default\">\n\t\t\t\t\t<div class=\"has_eae_slider elementor-column elementor-col-25 elementor-top-column elementor-element elementor-element-a67b60c\" data-eae-slider=\"73115\" data-id=\"a67b60c\" data-element_type=\"column\" data-e-type=\"column\">\n\t\t\t<div class=\"elementor-widget-wrap\">\n\t\t\t\t\t\t\t<\/div>\n\t\t<\/div>\n\t\t\t\t<div class=\"has_eae_slider elementor-column elementor-col-50 elementor-top-column elementor-element elementor-element-5265db0\" data-eae-slider=\"24724\" data-id=\"5265db0\" data-element_type=\"column\" data-e-type=\"column\">\n\t\t\t<div class=\"elementor-widget-wrap elementor-element-populated\">\n\t\t\t\t\t\t<div class=\"elementor-element elementor-element-bfb29e6 elementor-widget elementor-widget-testimonial\" data-id=\"bfb29e6\" data-element_type=\"widget\" data-e-type=\"widget\" data-widget_type=\"testimonial.default\">\n\t\t\t\t<div class=\"elementor-widget-container\">\n\t\t\t\t\t\t\t<div class=\"elementor-testimonial-wrapper\">\n\t\t\t\t\t\t\t<div class=\"elementor-testimonial-content\">Wenn ich mein Eis von der \"Eis Welt\" nicht bekomme, dann ist mit mir \u00fcberhaupt nichts anzufangen. Ich bin wirklich total abh\u00e4ngig!<\/div>\n\t\t\t\n\t\t\t\t\t\t<div class=\"elementor-testimonial-meta elementor-has-image elementor-testimonial-image-position-aside\">\n\t\t\t\t<div class=\"elementor-testimonial-meta-inner\">\n\t\t\t\t\t\t\t\t\t\t\t<div class=\"elementor-testimonial-image\">\n\t\t\t\t\t\t\t<img decoding=\"async\" src=\"https:\/\/eiswelt.lilav.de\/wp-content\/plugins\/elementor\/assets\/images\/placeholder.png\" title=\"\" alt=\"\" loading=\"lazy\" \/>\t\t\t\t\t\t<\/div>\n\t\t\t\t\t\n\t\t\t\t\t\t\t\t\t\t<div class=\"elementor-testimonial-details\">\n\t\t\t\t\t\t\t\t\t\t\t\t\t\t<div class=\"elementor-testimonial-name\">Sebastian M. M\u00fcller<\/div>\n\t\t\t\t\t\t\t\t\t\t\t\t\t\t\t\t\t\t\t\t\t\t<div class=\"elementor-testimonial-job\">Designer<\/div>\n\t\t\t\t\t\t\t\t\t\t\t\t\t<\/div>\n\t\t\t\t\t\t\t\t\t<\/div>\n\t\t\t<\/div>\n\t\t\t\t\t<\/div>\n\t\t\t\t\t\t<\/div>\n\t\t\t\t<\/div>\n\t\t\t\t\t<\/div>\n\t\t<\/div>\n\t\t\t\t<div class=\"has_eae_slider elementor-column elementor-col-25 elementor-top-column elementor-element elementor-element-f05830a\" data-eae-slider=\"59945\" data-id=\"f05830a\" data-element_type=\"column\" data-e-type=\"column\">\n\t\t\t<div class=\"elementor-widget-wrap\">\n\t\t\t\t\t\t\t<\/div>\n\t\t<\/div>\n\t\t\t\t\t<\/div>\n\t\t<\/section>\n\t\t\t\t<section class=\"has_eae_slider elementor-section elementor-top-section elementor-element elementor-element-66b6fa4 elementor-section-boxed elementor-section-height-default elementor-section-height-default\" data-eae-slider=\"30060\" data-id=\"66b6fa4\" data-element_type=\"section\" data-e-type=\"section\">\n\t\t\t\t\t\t<div class=\"elementor-container elementor-column-gap-default\">\n\t\t\t\t\t<div class=\"has_eae_slider elementor-column elementor-col-100 elementor-top-column elementor-element elementor-element-42f1e86\" data-eae-slider=\"62248\" data-id=\"42f1e86\" data-element_type=\"column\" data-e-type=\"column\">\n\t\t\t<div class=\"elementor-widget-wrap elementor-element-populated\">\n\t\t\t\t\t\t<div class=\"elementor-element elementor-element-cbce564 elementor-widget-divider--view-line elementor-widget elementor-widget-divider\" data-id=\"cbce564\" data-element_type=\"widget\" data-e-type=\"widget\" data-widget_type=\"divider.default\">\n\t\t\t\t<div class=\"elementor-widget-container\">\n\t\t\t\t\t\t\t<div class=\"elementor-divider\">\n\t\t\t<span class=\"elementor-divider-separator\">\n\t\t\t\t\t\t<\/span>\n\t\t<\/div>\n\t\t\t\t\t\t<\/div>\n\t\t\t\t<\/div>\n\t\t\t\t\t<\/div>\n\t\t<\/div>\n\t\t\t\t\t<\/div>\n\t\t<\/section>\n\t\t\t\t<section class=\"has_eae_slider elementor-section elementor-top-section elementor-element elementor-element-557ff68 elementor-section-boxed elementor-section-height-default elementor-section-height-default\" data-eae-slider=\"47731\" data-id=\"557ff68\" data-element_type=\"section\" data-e-type=\"section\">\n\t\t\t\t\t\t<div class=\"elementor-container elementor-column-gap-default\">\n\t\t\t\t\t<div class=\"has_eae_slider elementor-column elementor-col-66 elementor-top-column elementor-element elementor-element-db7839c\" data-eae-slider=\"32368\" data-id=\"db7839c\" data-element_type=\"column\" data-e-type=\"column\">\n\t\t\t<div class=\"elementor-widget-wrap elementor-element-populated\">\n\t\t\t\t\t\t<div class=\"elementor-element elementor-element-1367607 elementor-widget elementor-widget-image\" data-id=\"1367607\" data-element_type=\"widget\" data-e-type=\"widget\" data-widget_type=\"image.default\">\n\t\t\t\t<div class=\"elementor-widget-container\">\n\t\t\t\t\t\t\t\t\t\t\t\t\t\t\t<img loading=\"lazy\" decoding=\"async\" width=\"574\" height=\"254\" src=\"https:\/\/eiswelt.lilav.de\/wp-content\/uploads\/2020\/09\/Veranstaltungen.png\" class=\"attachment-large size-large wp-image-236\" alt=\"\" srcset=\"https:\/\/eiswelt.lilav.de\/wp-content\/uploads\/2020\/09\/Veranstaltungen.png 574w, https:\/\/eiswelt.lilav.de\/wp-content\/uploads\/2020\/09\/Veranstaltungen-300x133.png 300w\" sizes=\"(max-width: 574px) 100vw, 574px\" \/>\t\t\t\t\t\t\t\t\t\t\t\t\t\t\t<\/div>\n\t\t\t\t<\/div>\n\t\t\t\t\t<\/div>\n\t\t<\/div>\n\t\t\t\t<div class=\"has_eae_slider elementor-column elementor-col-33 elementor-top-column elementor-element elementor-element-86e05a8\" data-eae-slider=\"64701\" data-id=\"86e05a8\" data-element_type=\"column\" data-e-type=\"column\">\n\t\t\t<div class=\"elementor-widget-wrap elementor-element-populated\">\n\t\t\t\t\t\t<div class=\"elementor-element elementor-element-4865e64 elementor-widget elementor-widget-heading\" data-id=\"4865e64\" data-element_type=\"widget\" data-e-type=\"widget\" data-widget_type=\"heading.default\">\n\t\t\t\t<div class=\"elementor-widget-container\">\n\t\t\t\t\t<h2 class=\"elementor-heading-title elementor-size-default\">Feiern Sie mit uns!<\/h2>\t\t\t\t<\/div>\n\t\t\t\t<\/div>\n\t\t\t\t<div class=\"elementor-element elementor-element-98e354f elementor-widget elementor-widget-text-editor\" data-id=\"98e354f\" data-element_type=\"widget\" data-e-type=\"widget\" data-widget_type=\"text-editor.default\">\n\t\t\t\t<div class=\"elementor-widget-container\">\n\t\t\t\t\t\t\t\t\t<p>Ob Geburtstag, Hochzeit oder Firmen-Feier. Mit unserem Eis liegen Sie richtig. Mit zahllosen Eis-Sorten und vielen kreativen Ideen sind wir ein Garant um die Stimmung bei jeder Feier zu heben. Wir haben Erfahrungen mit der Ausrichtung von Eis-Buffets bis zu 2.000 Personen und sind f\u00fcr jede Herausforderung zu haben.<\/p>\n<p><a href=\"https:\/\/eiswelt.lilav.de\/index.php\/2020\/09\/03\/geburtstag\/\">Geburtstage<\/a><br \/><a href=\"https:\/\/eiswelt.lilav.de\/index.php\/2020\/09\/03\/hochzeit\/\">Hochzeiten<\/a><br \/><a href=\"https:\/\/eiswelt.lilav.de\/index.php\/2020\/09\/03\/firmenfeier\/\">Firmen-Events<\/a>\u00a0<\/p>\t\t\t\t\t\t\t\t<\/div>\n\t\t\t\t<\/div>\n\t\t\t\t\t<\/div>\n\t\t<\/div>\n\t\t\t\t\t<\/div>\n\t\t<\/section>\n\t\t\t\t<\/div>\n\t\t","protected":false},"excerpt":{"rendered":"<p>Unsere Eiswelt Vor \u00fcber f\u00fcnfundsiebzig Jahren begann die Tradition der Familie Sefouk als Eis-Manufakteur, damals noch noch in fernen orientalischen L\u00e4ndern. Der Legende nach war es der Ur-Gro\u00dfvater, der sich dar\u00fcber \u00e4rgerte, dass die Eis-Produkte in den Caf\u00e9s nicht schmeckten und der sich daran machte, gemeinsam mit der Ehefrau und dem \u00e4ltesten Sohn, das Eis [&hellip;]<\/p>\n","protected":false},"author":1,"featured_media":0,"parent":0,"menu_order":0,"comment_status":"closed","ping_status":"closed","template":"page-templates\/full-width.php","meta":{"footnotes":""},"class_list":["post-182","page","type-page","status-publish","hentry"],"jetpack_sharing_enabled":true,"_links":{"self":[{"href":"https:\/\/eiswelt.lilav.de\/index.php\/wp-json\/wp\/v2\/pages\/182","targetHints":{"allow":["GET"]}}],"collection":[{"href":"https:\/\/eiswelt.lilav.de\/index.php\/wp-json\/wp\/v2\/pages"}],"about":[{"href":"https:\/\/eiswelt.lilav.de\/index.php\/wp-json\/wp\/v2\/types\/page"}],"author":[{"embeddable":true,"href":"https:\/\/eiswelt.lilav.de\/index.php\/wp-json\/wp\/v2\/users\/1"}],"replies":[{"embeddable":true,"href":"https:\/\/eiswelt.lilav.de\/index.php\/wp-json\/wp\/v2\/comments?post=182"}],"version-history":[{"count":37,"href":"https:\/\/eiswelt.lilav.de\/index.php\/wp-json\/wp\/v2\/pages\/182\/revisions"}],"predecessor-version":[{"id":283,"href":"https:\/\/eiswelt.lilav.de\/index.php\/wp-json\/wp\/v2\/pages\/182\/revisions\/283"}],"wp:attachment":[{"href":"https:\/\/eiswelt.lilav.de\/index.php\/wp-json\/wp\/v2\/media?parent=182"}],"curies":[{"name":"wp","href":"https:\/\/api.w.org\/{rel}","templated":true}]}}